{"id":28,"date":"2017-12-13T13:55:37","date_gmt":"2017-12-13T12:55:37","guid":{"rendered":"https:\/\/amg.es\/?page_id=28"},"modified":"2022-10-03T08:34:42","modified_gmt":"2022-10-03T06:34:42","slug":"servicios","status":"publish","type":"page","link":"https:\/\/amg.es\/fr\/servicios\/","title":{"rendered":"Servicios"},"content":{"rendered":"<p><div class=\"fusion-fullwidth fullwidth-box nonhundred-percent-fullwidth non-hundred-percent-height-scrolling\"  style='background-color: rgba(255,255,255,0);background-position: center center;background-repeat: no-repeat;padding-top:0px;padding-right:0px;padding-bottom:0px;padding-left:0px;'><div class=\"fusion-builder-row fusion-row \"><div  class=\"fusion-layout-column fusion_builder_column fusion_builder_column_1_1  fusion-one-full fusion-column-first fusion-column-last 1_1\"  style='margin-top:0px;margin-bottom:30px;'>\n\t\t\t\t\t<div class=\"fusion-column-wrapper\" style=\"padding: 0px 0px 0px 0px;background-position:left top;background-repeat:no-repeat;-webkit-background-size:cover;-moz-background-size:cover;-o-background-size:cover;background-size:cover;\"  data-bg-url=\"\">\n\t\t\t\t\t\t<div class=\"fusion-text\"><h2 style=\"text-align: center;\">Servicios<\/h2>\n<\/div><div class=\"fusion-text\"><h3 style=\"text-align: center;\">Nuestras actividades fundamentales son la ingenier\u00eda inform\u00e1tica y de telecomunicaciones, derivado de estas, hemos desarrollado servicios complementarios de mantenimiento e instalaci\u00f3n relacionados con las \u00e1reas mencionadas.<br \/>\nDescubra a continuaci\u00f3n nuestros servicios m\u00e1s demandados por nuestros clientes:<\/h3>\n<\/div><div class=\"fusion-clearfix\"><\/div>\n\n\t\t\t\t\t<\/div>\n\t\t\t\t<\/div><\/div><\/div><div class=\"fusion-fullwidth fullwidth-box nonhundred-percent-fullwidth non-hundred-percent-height-scrolling\"  style='background-color: rgba(255,255,255,0);background-position: center center;background-repeat: no-repeat;padding-top:0px;padding-right:0px;padding-bottom:0px;padding-left:0px;'><div class=\"fusion-builder-row fusion-row \"><div  class=\"fusion-layout-column fusion_builder_column fusion_builder_column_1_2  fusion-one-half fusion-column-first 1_2\"  style='margin-top:0px;margin-bottom:30px;width:50%;width:calc(50% - ( ( 4% ) * 0.5 ) );margin-right: 4%;'>\n\t\t\t\t\t<div class=\"fusion-column-wrapper\" style=\"padding: 0px 0px 0px 0px;background-position:left top;background-repeat:no-repeat;-webkit-background-size:cover;-moz-background-size:cover;-o-background-size:cover;background-size:cover;\"  data-bg-url=\"\">\n\t\t\t\t\t\t<div class=\"fusion-title title fusion-sep-none fusion-title-size-one\" style=\"margin-top:0px;margin-bottom:0px;\"><h1 class=\"title-heading-left\"><h4>Integrages. Soluci\u00f3n modular empresarial<\/h4><\/h1><\/div><div class=\"fusion-sep-clear\"><\/div><div class=\"fusion-separator sep-single sep-solid\" style=\"border-color:#c159ea;border-top-width:2px;margin-top:;margin-bottom:15px;width:100%;max-width:25%;\"><\/div><div class=\"fusion-text\"><p>Integrages es un software de gesti\u00f3n empresarial modular. Despu\u00e9s de varios a\u00f1os desarrollando aplicaciones de gesti\u00f3n a medida, tomamos la decisi\u00f3n de desarrollar un proyecto base capaz de evolucionar con el tiempo, con la posibilidad de a\u00f1adir m\u00f3dulos complementarios que se integraran en toda la estructura como si fuera un solo programa.<\/p>\n<\/div><div class=\"fusion-clearfix\"><\/div>\n\n\t\t\t\t\t<\/div>\n\t\t\t\t<\/div><div  class=\"fusion-layout-column fusion_builder_column fusion_builder_column_1_2  fusion-one-half fusion-column-last 1_2\"  style='margin-top:0px;margin-bottom:30px;width:50%;width:calc(50% - ( ( 4% ) * 0.5 ) );'>\n\t\t\t\t\t<div class=\"fusion-column-wrapper\" style=\"padding: 0px 0px 0px 0px;background-position:left top;background-repeat:no-repeat;-webkit-background-size:cover;-moz-background-size:cover;-o-background-size:cover;background-size:cover;\"  data-bg-url=\"\">\n\t\t\t\t\t\t<div class=\"fusion-title title fusion-sep-none fusion-title-size-one\" style=\"margin-top:0px;margin-bottom:0px;\"><h1 class=\"title-heading-left\"><h4>Dise\u00f1o y montaje de redes<\/h4><\/h1><\/div><div class=\"fusion-sep-clear\"><\/div><div class=\"fusion-separator sep-single sep-solid\" style=\"border-color:#c159ea;border-top-width:2px;margin-top:;margin-bottom:15px;width:100%;max-width:25%;\"><\/div><div class=\"fusion-text\"><p>Somos especialistas en migraci\u00f3n de otros entornos red Microsoft y tambi\u00e9n en migraciones de servidores Windows antiguos a redes basadas en Active Directory con Windows 2003 o Windows 2008. Actualmente estamos migrando servidores antig\u00fcos a virtualizados obteniendo enormes ventajas. La seguridad en red y en las comunicaciones es vital. Instalamos y configuramos todo tipo de equipos o componentes de red, as\u00ed como firewalls o cortafuegos.<\/p>\n<\/div><div class=\"fusion-clearfix\"><\/div>\n\n\t\t\t\t\t<\/div>\n\t\t\t\t<\/div><\/div><\/div><\/p>","protected":false},"excerpt":{"rendered":"","protected":false},"author":1,"featured_media":0,"parent":0,"menu_order":0,"comment_status":"closed","ping_status":"closed","template":"100-width.php","meta":{"footnotes":""},"_links":{"self":[{"href":"https:\/\/amg.es\/fr\/wp-json\/wp\/v2\/pages\/28"}],"collection":[{"href":"https:\/\/amg.es\/fr\/wp-json\/wp\/v2\/pages"}],"about":[{"href":"https:\/\/amg.es\/fr\/wp-json\/wp\/v2\/types\/page"}],"author":[{"embeddable":true,"href":"https:\/\/amg.es\/fr\/wp-json\/wp\/v2\/users\/1"}],"replies":[{"embeddable":true,"href":"https:\/\/amg.es\/fr\/wp-json\/wp\/v2\/comments?post=28"}],"version-history":[{"count":70,"href":"https:\/\/amg.es\/fr\/wp-json\/wp\/v2\/pages\/28\/revisions"}],"predecessor-version":[{"id":1791,"href":"https:\/\/amg.es\/fr\/wp-json\/wp\/v2\/pages\/28\/revisions\/1791"}],"wp:attachment":[{"href":"https:\/\/amg.es\/fr\/wp-json\/wp\/v2\/media?parent=28"}],"curies":[{"name":"wp","href":"https:\/\/api.w.org\/{rel}","templated":true}]}}