{"id":1032,"date":"2018-03-07T13:52:23","date_gmt":"2018-03-07T12:52:23","guid":{"rendered":"https:\/\/amg.es\/?page_id=1032"},"modified":"2019-01-30T17:27:36","modified_gmt":"2019-01-30T16:27:36","slug":"copia-de-seguridad","status":"publish","type":"page","link":"https:\/\/amg.es\/pt\/copia-de-seguridad\/","title":{"rendered":"Copia de Seguridad SyncAMGCopia de seguridad"},"content":{"rendered":"<p><div class=\"fusion-fullwidth fullwidth-box nonhundred-percent-fullwidth non-hundred-percent-height-scrolling\"  style='background-color: rgba(255,255,255,0);background-position: center center;background-repeat: no-repeat;padding-top:0px;padding-right:0px;padding-bottom:0px;padding-left:0px;'><div class=\"fusion-builder-row fusion-row \"><div  class=\"fusion-layout-column fusion_builder_column fusion_builder_column_1_2  fusion-one-half fusion-column-first 1_2\"  style='margin-top:0px;margin-bottom:30px;width:50%;width:calc(50% - ( ( 4% ) * 0.5 ) );margin-right: 4%;'>\n\t\t\t\t\t<div class=\"fusion-column-wrapper\" style=\"padding: 0px 0px 0px 0px;background-position:left top;background-repeat:no-repeat;-webkit-background-size:cover;-moz-background-size:cover;-o-background-size:cover;background-size:cover;\"  data-bg-url=\"\">\n\t\t\t\t\t\t<div class=\"fusion-title title fusion-sep-none fusion-title-size-two\" style=\"margin-top:0px;margin-bottom:0px;\"><h2 class=\"title-heading-left\">SyncAMG<\/h2><\/div><div class=\"fusion-sep-clear\"><\/div><div class=\"fusion-separator sep-single sep-solid\" style=\"border-color:#c159ea;border-top-width:2px;margin-top:;margin-bottom:15px;width:100%;max-width:40%;\"><\/div><div class=\"fusion-text\"><p>AMG viene desarrollando sistemas de copia desde 1994. En estos \u00faltimos a\u00f1os con el avance de las telecomunicaciones y las l\u00edneas de datos profesionales, hemos desarrollado sistemas de control para asegurar la continuidad de las empresas. En la actualidad ofrecemos una soluci\u00f3n que garantiza la protecci\u00f3n continua de los datos de sus empresa, externalizaci\u00f3n y recuperaci\u00f3n en caso de contingencia y si finalmente es necesario la destrucci\u00f3n certificada y confidencial.<\/p>\n<\/div><div class=\"fusion-clearfix\"><\/div>\n\n\t\t\t\t\t<\/div>\n\t\t\t\t<\/div><div  class=\"fusion-layout-column fusion_builder_column fusion_builder_column_1_2  fusion-one-half fusion-column-last 1_2\"  style='margin-top:0px;margin-bottom:30px;width:50%;width:calc(50% - ( ( 4% ) * 0.5 ) );'>\n\t\t\t\t\t<div class=\"fusion-column-wrapper\" style=\"padding: 0px 0px 0px 0px;background-position:left top;background-repeat:no-repeat;-webkit-background-size:cover;-moz-background-size:cover;-o-background-size:cover;background-size:cover;\"  data-bg-url=\"\">\n\t\t\t\t\t\t<div class=\"imageframe-align-center\"><span class=\"fusion-imageframe imageframe-none imageframe-3 hover-type-zoomin\"><img loading=\"lazy\" decoding=\"async\" src=\"https:\/\/amg.es\/wp-content\/uploads\/2018\/03\/syncamg.jpg\" width=\"207\" height=\"189\" alt=\"syncamg\" title=\"syncamg\" class=\"img-responsive wp-image-1036\" srcset=\"https:\/\/amg.es\/wp-content\/uploads\/2018\/03\/syncamg-200x183.jpg 200w, https:\/\/amg.es\/wp-content\/uploads\/2018\/03\/syncamg.jpg 207w\" sizes=\"(max-width: 1080px) 100vw, 207px\" \/><\/span><\/div><div class=\"fusion-clearfix\"><\/div>\n\n\t\t\t\t\t<\/div>\n\t\t\t\t<\/div><\/div><\/div><div class=\"fusion-fullwidth fullwidth-box nonhundred-percent-fullwidth non-hundred-percent-height-scrolling\"  style='background-color: rgba(255,255,255,0);background-position: center center;background-repeat: no-repeat;padding-top:0px;padding-right:0px;padding-bottom:0px;padding-left:0px;'><div class=\"fusion-builder-row fusion-row \"><div  class=\"fusion-layout-column fusion_builder_column fusion_builder_column_1_1  fusion-one-full fusion-column-first fusion-column-last 1_1\"  style='margin-top:0px;margin-bottom:30px;'>\n\t\t\t\t\t<div class=\"fusion-column-wrapper\" style=\"padding: 0px 0px 0px 0px;background-position:left top;background-repeat:no-repeat;-webkit-background-size:cover;-moz-background-size:cover;-o-background-size:cover;background-size:cover;\"  data-bg-url=\"\">\n\t\t\t\t\t\t<div class=\"fusion-title title fusion-sep-none fusion-title-size-three\" style=\"margin-top:0px;margin-bottom:0px;\"><h3 class=\"title-heading-left\">Caracter\u00edsticas<\/h3><\/div><div class=\"fusion-sep-clear\"><\/div><div class=\"fusion-separator sep-single sep-solid\" style=\"border-color:#c159ea;border-top-width:2px;margin-top:;margin-bottom:15px;width:100%;max-width:40%;\"><\/div><div class=\"fusion-text\"><p>Este servicio permite disponer de una copia total o incremental de los datos corporativos, un mecanismo de cifrado para poder ser externalizados, cumpliendo con los requerimientos legales para este servicio. El cliente puede seleccionar el n\u00famero de copias en hist\u00f3rico para mantener diferentes versiones de los datos en el tiempo. Nuestro Data Center posee sistemas redundantes de energ\u00eda y salvaguarda, con posibilidad de supervisi\u00f3n y control 24 x 7. Tres l\u00edneas de alta velocidad en Internet de operadores diferentes, as\u00ed como balanceadores de carga autom\u00e1ticos permiten garantizar la continuidad de las operaciones.<\/p>\n<\/div><div class=\"fusion-clearfix\"><\/div>\n\n\t\t\t\t\t<\/div>\n\t\t\t\t<\/div><div  class=\"fusion-layout-column fusion_builder_column fusion_builder_column_1_1  fusion-one-full fusion-column-first fusion-column-last 1_1\"  style='margin-top:0px;margin-bottom:30px;'>\n\t\t\t\t\t<div class=\"fusion-column-wrapper\" style=\"padding: 0px 0px 0px 0px;background-position:left top;background-repeat:no-repeat;-webkit-background-size:cover;-moz-background-size:cover;-o-background-size:cover;background-size:cover;\"  data-bg-url=\"\">\n\t\t\t\t\t\t<div class=\"fusion-title title fusion-sep-none fusion-title-size-three\" style=\"margin-top:0px;margin-bottom:0px;\"><h3 class=\"title-heading-left\">Servicios<\/h3><\/div><div class=\"fusion-sep-clear\"><\/div><div class=\"fusion-separator sep-single sep-solid\" style=\"border-color:#c159ea;border-top-width:2px;margin-top:;margin-bottom:15px;width:100%;max-width:40%;\"><\/div><div class=\"fusion-content-boxes content-boxes columns row fusion-columns-5 fusion-columns-total-5 fusion-content-boxes-3 content-boxes-timeline-horizontal content-left content-boxes-icon-on-top fusion-delayed-animation\" data-animation-delay=\"350\" data-animationOffset=\"100%\" style=\"margin-top:30px;margin-bottom:30px;\"><style type=\"text\/css\" scoped=\"scoped\">.fusion-content-boxes-3 .heading h2{color:#333c4e;}\n\t\t\t\t\t.fusion-content-boxes-3 .fusion-content-box-hover .link-area-link-icon-hover .heading h2,\n\t\t\t\t\t.fusion-content-boxes-3 .fusion-content-box-hover .link-area-link-icon-hover .heading .heading-link h2,\n\t\t\t\t\t.fusion-content-boxes-3 .fusion-content-box-hover .link-area-box-hover .heading h2,\n\t\t\t\t\t.fusion-content-boxes-3 .fusion-content-box-hover .link-area-box-hover .heading .heading-link h2,\n\t\t\t\t\t.fusion-content-boxes-3 .fusion-content-box-hover .link-area-link-icon-hover.link-area-box .fusion-read-more,\n\t\t\t\t\t.fusion-content-boxes-3 .fusion-content-box-hover .link-area-link-icon-hover.link-area-box .fusion-read-more::after,\n\t\t\t\t\t.fusion-content-boxes-3 .fusion-content-box-hover .link-area-link-icon-hover.link-area-box .fusion-read-more::before,\n\t\t\t\t\t.fusion-content-boxes-3 .fusion-content-box-hover .fusion-read-more:hover:after,\n\t\t\t\t\t.fusion-content-boxes-3 .fusion-content-box-hover .fusion-read-more:hover:before,\n\t\t\t\t\t.fusion-content-boxes-3 .fusion-content-box-hover .fusion-read-more:hover,\n\t\t\t\t\t.fusion-content-boxes-3 .fusion-content-box-hover .link-area-box-hover.link-area-box .fusion-read-more,\n\t\t\t\t\t.fusion-content-boxes-3 .fusion-content-box-hover .link-area-box-hover.link-area-box .fusion-read-more::after,\n\t\t\t\t\t.fusion-content-boxes-3 .fusion-content-box-hover .link-area-box-hover.link-area-box .fusion-read-more::before,\n\t\t\t\t\t.fusion-content-boxes-3 .fusion-content-box-hover .link-area-link-icon-hover .icon .circle-no,\n\t\t\t\t\t.fusion-content-boxes-3 .heading .heading-link:hover .content-box-heading {\n\t\t\t\t\t\tcolor: #805694;\n\t\t\t\t\t}\n\t\t\t\t\t.fusion-content-boxes-3 .fusion-content-box-hover .link-area-box-hover .icon .circle-no {\n\t\t\t\t\t\tcolor: #805694 !important;\n\t\t\t\t\t}.fusion-content-boxes-3 .fusion-content-box-hover .link-area-box.link-area-box-hover .fusion-content-box-button {background: #673586;color: #ffffff;}.fusion-content-boxes-3 .fusion-content-box-hover .link-area-box.link-area-box-hover .fusion-content-box-button .fusion-button-text {color: #ffffff;}\n\t\t\t\t\t.fusion-content-boxes-3 .fusion-content-box-hover .link-area-link-icon-hover .heading .icon > span {\n\t\t\t\t\t\tbackground-color: #805694 !important;\n\t\t\t\t\t}\n\t\t\t\t\t.fusion-content-boxes-3 .fusion-content-box-hover .link-area-box-hover .heading .icon > span {\n\t\t\t\t\t\tborder-color: #805694 !important;\n\t\t\t\t\t}<\/style><div class=\"fusion-column content-box-column content-box-column-1 col-lg-2 col-md-2 col-sm-2 fusion-content-box-hover  content-box-column-first-in-row\"><div class=\"col content-wrapper link-area-box content-icon-wrapper-yes icon-hover-animation-fade fusion-animated\" style=\"background-color:rgba(255,255,255,0);\" data-animationType=\"fadeIn\" data-animationDuration=\"0.25\" data-animationOffset=\"100%\"><div class=\"heading heading-with-icon icon-left\"><div class=\"icon\" style=\"-webkit-animation-duration: 350ms;animation-duration: 350ms;\"><span style=\"height:44px;width:44px;line-height:23px;border-color:#e7e7e7;border-width:2px;border-style:solid;background-color:#333333;box-sizing:content-box;border-radius:50%;\"><i style=\"border-color:#333333;border-width:1px;background-color:#333333;box-sizing:content-box;height:42px;width:42px;line-height:42px;border-radius:50%;position:relative;top:auto;left:auto;margin:0;border-radius:50%;color:#ffffff;font-size:21px;\" class=\"fa fontawesome-icon fa-pencil circle-yes\"><\/i><\/span><\/div><\/div><div class=\"fusion-clearfix\"><\/div><div class=\"content-container\" style=\"color:#747474;\">\n<p>Se planifica el protocolo de actuaci\u00f3n seg\u00fan la necesidad y periodicidad del servicio para justarlo a medida del cliente.<\/p>\n<\/div><div class=\"content-box-shortcode-timeline\" style=\"border-color:#e7e7e7;top:24px;-webkit-transition-duration: 350ms;animation-duration: 350ms;\"><\/div><\/div><\/div><div class=\"fusion-column content-box-column content-box-column-2 col-lg-2 col-md-2 col-sm-2 fusion-content-box-hover \"><div class=\"col content-wrapper link-area-box content-icon-wrapper-yes icon-hover-animation-fade fusion-animated\" style=\"background-color:rgba(255,255,255,0);\" data-animationType=\"fadeIn\" data-animationDuration=\"0.25\" data-animationOffset=\"100%\"><div class=\"heading heading-with-icon icon-left\"><div class=\"icon\" style=\"-webkit-animation-duration: 350ms;animation-duration: 350ms;\"><span style=\"height:44px;width:44px;line-height:23px;border-color:#e7e7e7;border-width:2px;border-style:solid;background-color:#333333;box-sizing:content-box;border-radius:50%;\"><i style=\"border-color:#333333;border-width:1px;background-color:#333333;box-sizing:content-box;height:42px;width:42px;line-height:42px;border-radius:50%;position:relative;top:auto;left:auto;margin:0;border-radius:50%;color:#ffffff;font-size:21px;\" class=\"fa fontawesome-icon fa-upload circle-yes\"><\/i><\/span><\/div><\/div><div class=\"fusion-clearfix\"><\/div><div class=\"content-container\" style=\"color:#747474;\">\n<p>Se estable un per\u00edodo de 15 d\u00edas para realizar la prueba de copia sin ning\u00fan coste.<\/p>\n<\/div><div class=\"content-box-shortcode-timeline\" style=\"border-color:#e7e7e7;top:24px;-webkit-transition-duration: 350ms;animation-duration: 350ms;\"><\/div><\/div><\/div><div class=\"fusion-column content-box-column content-box-column-3 col-lg-2 col-md-2 col-sm-2 fusion-content-box-hover \"><div class=\"col content-wrapper link-area-box content-icon-wrapper-yes icon-hover-animation-fade fusion-animated\" style=\"background-color:rgba(255,255,255,0);\" data-animationType=\"fadeIn\" data-animationDuration=\"0.25\" data-animationOffset=\"100%\"><div class=\"heading heading-with-icon icon-left\"><div class=\"icon\" style=\"-webkit-animation-duration: 350ms;animation-duration: 350ms;\"><span style=\"height:44px;width:44px;line-height:23px;border-color:#e7e7e7;border-width:2px;border-style:solid;background-color:#333333;box-sizing:content-box;border-radius:50%;\"><i style=\"border-color:#333333;border-width:1px;background-color:#333333;box-sizing:content-box;height:42px;width:42px;line-height:42px;border-radius:50%;position:relative;top:auto;left:auto;margin:0;border-radius:50%;color:#ffffff;font-size:21px;\" class=\"fa fontawesome-icon fa-cogs circle-yes\"><\/i><\/span><\/div><\/div><div class=\"fusion-clearfix\"><\/div><div class=\"content-container\" style=\"color:#747474;\">\n<p>Mediante un software propiedad de AMG conectado a la red del cliente se consigue de forma autom\u00e1tica la copia continua encriptada de los datos seleccionados en cada uno de los equipos.<\/p>\n<\/div><div class=\"content-box-shortcode-timeline\" style=\"border-color:#e7e7e7;top:24px;-webkit-transition-duration: 350ms;animation-duration: 350ms;\"><\/div><\/div><\/div><div class=\"fusion-column content-box-column content-box-column-4 col-lg-2 col-md-2 col-sm-2 fusion-content-box-hover \"><div class=\"col content-wrapper link-area-box content-icon-wrapper-yes icon-hover-animation-fade fusion-animated\" style=\"background-color:rgba(255,255,255,0);\" data-animationType=\"fadeIn\" data-animationDuration=\"0.25\" data-animationOffset=\"100%\"><div class=\"heading heading-with-icon icon-left\"><div class=\"icon\" style=\"-webkit-animation-duration: 350ms;animation-duration: 350ms;\"><span style=\"height:44px;width:44px;line-height:23px;border-color:#e7e7e7;border-width:2px;border-style:solid;background-color:#333333;box-sizing:content-box;border-radius:50%;\"><i style=\"border-color:#333333;border-width:1px;background-color:#333333;box-sizing:content-box;height:42px;width:42px;line-height:42px;border-radius:50%;position:relative;top:auto;left:auto;margin:0;border-radius:50%;color:#ffffff;font-size:21px;\" class=\"fa fontawesome-icon fa-cogs circle-yes\"><\/i><\/span><\/div><\/div><div class=\"fusion-clearfix\"><\/div><div class=\"content-container\" style=\"color:#747474;\">\n<p>Una vez trascurrido dicho periodo, se comprueba de forma continua y automatizada sin aportaci\u00f3n de personal, que la informaci\u00f3n almacenada en nuestras instalaciones es 100% la recogida en los equipos del cliente.<\/p>\n<\/div><div class=\"content-box-shortcode-timeline\" style=\"border-color:#e7e7e7;top:24px;-webkit-transition-duration: 350ms;animation-duration: 350ms;\"><\/div><\/div><\/div><div class=\"fusion-column content-box-column content-box-column-5 col-lg-2 col-md-2 col-sm-2 fusion-content-box-hover  content-box-column-last content-box-column-last-in-row\"><div class=\"col content-wrapper link-area-box content-icon-wrapper-yes icon-hover-animation-fade fusion-animated\" style=\"background-color:rgba(255,255,255,0);\" data-animationType=\"fadeIn\" data-animationDuration=\"0.25\" data-animationOffset=\"100%\"><div class=\"heading heading-with-icon icon-left\"><div class=\"icon\" style=\"-webkit-animation-duration: 350ms;animation-duration: 350ms;\"><span style=\"height:44px;width:44px;line-height:23px;border-color:#e7e7e7;border-width:2px;border-style:solid;background-color:#333333;box-sizing:content-box;border-radius:50%;\"><i style=\"border-color:#333333;border-width:1px;background-color:#333333;box-sizing:content-box;height:42px;width:42px;line-height:42px;border-radius:50%;position:relative;top:auto;left:auto;margin:0;border-radius:50%;color:#ffffff;font-size:21px;\" class=\"fa fontawesome-icon fa-list-alt circle-yes\"><\/i><\/span><\/div><\/div><div class=\"fusion-clearfix\"><\/div><div class=\"content-container\" style=\"color:#747474;\">\n<p>Se informa al cliente de los resultados, caracter\u00edsticas de la copia y presupuesto de la misma.<\/p>\n<\/div><div class=\"content-box-shortcode-timeline\" style=\"border-color:#e7e7e7;top:24px;-webkit-transition-duration: 350ms;animation-duration: 350ms;\"><\/div><\/div><\/div><style type=\"text\/css\" scoped=\"scoped\">\n\t\t\t\t\t\t.fusion-content-boxes-3 .fusion-content-box-hover .heading-link:hover .icon i.circle-yes,\n\t\t\t\t\t\t.fusion-content-boxes-3 .fusion-content-box-hover .link-area-box:hover .heading-link .icon i.circle-yes,\n\t\t\t\t\t\t.fusion-content-boxes-3 .fusion-content-box-hover .link-area-link-icon-hover .heading .icon i.circle-yes,\n\t\t\t\t\t\t.fusion-content-boxes-3 .fusion-content-box-hover .link-area-box-hover .heading .icon i.circle-yes {\n\t\t\t\t\t\t\tbackground-color: #805694 !important;\n\t\t\t\t\t\t\tborder-color: #805694 !important;\n\t\t\t\t\t\t}<\/style><div class=\"fusion-clearfix\"><\/div><\/div><div class=\"fusion-clearfix\"><\/div>\n\n\t\t\t\t\t<\/div>\n\t\t\t\t<\/div><\/div><\/div><\/p>","protected":false},"excerpt":{"rendered":"","protected":false},"author":2,"featured_media":0,"parent":0,"menu_order":0,"comment_status":"closed","ping_status":"closed","template":"100-width.php","meta":{"footnotes":""},"_links":{"self":[{"href":"https:\/\/amg.es\/pt\/wp-json\/wp\/v2\/pages\/1032"}],"collection":[{"href":"https:\/\/amg.es\/pt\/wp-json\/wp\/v2\/pages"}],"about":[{"href":"https:\/\/amg.es\/pt\/wp-json\/wp\/v2\/types\/page"}],"author":[{"embeddable":true,"href":"https:\/\/amg.es\/pt\/wp-json\/wp\/v2\/users\/2"}],"replies":[{"embeddable":true,"href":"https:\/\/amg.es\/pt\/wp-json\/wp\/v2\/comments?post=1032"}],"version-history":[{"count":39,"href":"https:\/\/amg.es\/pt\/wp-json\/wp\/v2\/pages\/1032\/revisions"}],"predecessor-version":[{"id":1587,"href":"https:\/\/amg.es\/pt\/wp-json\/wp\/v2\/pages\/1032\/revisions\/1587"}],"wp:attachment":[{"href":"https:\/\/amg.es\/pt\/wp-json\/wp\/v2\/media?parent=1032"}],"curies":[{"name":"wp","href":"https:\/\/api.w.org\/{rel}","templated":true}]}}